{"id":91,"date":"2021-11-19T19:37:18","date_gmt":"2021-11-19T18:37:18","guid":{"rendered":"https:\/\/recht-sbg.at\/?page_id=91"},"modified":"2021-12-10T11:48:55","modified_gmt":"2021-12-10T10:48:55","slug":"medizinrecht","status":"publish","type":"page","link":"https:\/\/recht-sbg.at\/en\/medizinrecht\/","title":{"rendered":"Medical law"},"content":{"rendered":"\t\t<div data-elementor-type=\"wp-page\" data-elementor-id=\"91\" class=\"elementor elementor-91\">\n\t\t\t\t\t\t<section class=\"elementor-section elementor-top-section elementor-element elementor-element-8dd89a4 elementor-section-boxed elementor-section-height-default elementor-section-height-default\" data-id=\"8dd89a4\" data-element_type=\"section\" data-e-type=\"section\">\n\t\t\t\t\t\t<div class=\"elementor-container elementor-column-gap-default\">\n\t\t\t\t\t<div class=\"elementor-column elementor-col-100 elementor-top-column elementor-element elementor-element-70c93039\" data-id=\"70c93039\" data-element_type=\"column\" data-e-type=\"column\">\n\t\t\t<div class=\"elementor-widget-wrap elementor-element-populated\">\n\t\t\t\t\t\t<div class=\"elementor-element elementor-element-26861f1b elementor-widget elementor-widget-text-editor\" data-id=\"26861f1b\" data-element_type=\"widget\" data-e-type=\"widget\" data-widget_type=\"text-editor.default\">\n\t\t\t\t<div class=\"elementor-widget-container\">\n\t\t\t\t\t\t\t\t\t<p>Meine Kanzlei besch\u00e4ftigt sich seit Jahren mit dem Medizinrecht. Einerseits vertreten wir <strong>Patientinnen<\/strong> und <strong>Patienten<\/strong> in ihren Anliegen, andererseits bieten wir Rechtshilfe f\u00fcr <strong>\u00c4rzte<\/strong>, <strong>Krankenh\u00e4user<\/strong> und andere <strong>Einrichtungen des Gesundheitswesens<\/strong> an.<\/p><p>In diesem Fachgebiet ben\u00f6tigt es einen gro\u00dfen Erfahrungsschatz, Fachwissen und Fingerspitzengef\u00fchl. Dies kommt Ihnen gemeinsam mit einem praxisorientierten postgradualem Studium im Bereich Medizinrecht (Universit\u00e4t Linz, in Zusammenarbeit mit der \u00c4rztekammer O\u00d6) bei der Beratung zugute.<\/p><p>Ich berate gerne und errichte in Abstimmung mit Ihnen:<\/p><ul><li>Ordinationsvertrag<\/li><li>Dienstvertr\u00e4ge<\/li><li>Mietvertrag<\/li><li>Gesellschaftsvertrag<\/li><li>Patientenverf\u00fcgung<\/li><\/ul><h2>Patientenrecht<\/h2><p>Wurde Ihnen die falsche Therapie vorgeschrieben, gab es Diagnosefehler oder wurden Medikamente falsch dosiert? Hat es die \u00c4rztin oder der Arzt verabs\u00e4umt Sie ins Spital einzuliefern?<\/p><p>Dann kann es sein, dass es sich um einen <strong>Behandlungsfehler<\/strong> handelt. Besonders Anspr\u00fcche, die die k\u00f6rperliche Integrit\u00e4t betreffen, sind emotional stark besetzt. Seit Jahren setzen wir Schadenersatzanspr\u00fcche von <strong>Patientinnen und Patienten<\/strong> gegen\u00fcber Krankenh\u00e4usern oder behandelnden \u00c4rztinnen und \u00c4rzten durch. Zuerst streben wir eine au\u00dfergerichtliche L\u00f6sung an. Sollte diese nicht zum gew\u00fcnschten Ergebnis f\u00fchren, k\u00f6nnen wir Ihren Anspruch auch vor Gericht durchsetzen.<\/p><h2>Arzthaftungsrecht<\/h2><p>Wir beraten und vertreten <strong>niedergelassene \u00c4rzte und Einrichtungen des Gesundheitswesens<\/strong> (Krankenh\u00e4user, Ambulatorien, Reha- und Pflegeeinrichtungen). Im ersten Schritt suchen wir die au\u00dfergerichtliche Durchsetzung bzw. Abwehr von Anspr\u00fcchen, um eine rasche Kl\u00e4rung des Sachverhalts und der Anspr\u00fcche zu erzielen. Kommt ein au\u00dfergerichtliches Schlichtungsverfahren nicht zu dem gew\u00fcnschten Ergebnis, werden zu Unrecht behauptete Anspr\u00fcche im Gerichtsverfahren abgewehrt.<\/p>\t\t\t\t\t\t\t\t<\/div>\n\t\t\t\t<\/div>\n\t\t\t\t\t<\/div>\n\t\t<\/div>\n\t\t\t\t\t<\/div>\n\t\t<\/section>\n\t\t\t\t<\/div>\n\t\t","protected":false},"excerpt":{"rendered":"<p>Meine Kanzlei besch\u00e4ftigt sich seit Jahren mit dem Medizinrecht. Einerseits vertreten wir Patientinnen und Patienten in ihren Anliegen, andererseits bieten wir Rechtshilfe f\u00fcr \u00c4rzte, Krankenh\u00e4user und andere Einrichtungen des Gesundheitswesens an. In diesem Fachgebiet ben\u00f6tigt es einen gro\u00dfen Erfahrungsschatz, Fachwissen und Fingerspitzengef\u00fchl. Dies kommt Ihnen gemeinsam mit einem praxisorientierten postgradualem Studium im Bereich Medizinrecht (Universit\u00e4t [&hellip;]<\/p>\n","protected":false},"author":1,"featured_media":0,"parent":0,"menu_order":0,"comment_status":"closed","ping_status":"closed","template":"","meta":{"_crdt_document":"","site-sidebar-layout":"default","site-content-layout":"default","ast-site-content-layout":"","site-content-style":"default","site-sidebar-style":"default","ast-global-header-display":"","ast-banner-title-visibility":"","ast-main-header-display":"","ast-hfb-above-header-display":"","ast-hfb-below-header-display":"","ast-hfb-mobile-header-display":"","site-post-title":"","ast-breadcrumbs-content":"","ast-featured-img":"","footer-sml-layout":"","theme-transparent-header-meta":"default","adv-header-id-meta":"","stick-header-meta":"","header-above-stick-meta":"","header-main-stick-meta":"","header-below-stick-meta":"","astra-migrate-meta-layouts":"default","ast-page-background-enabled":"default","ast-page-background-meta":{"desktop":{"background-color":"var(--ast-global-color-4)","background-image":"","background-repeat":"repeat","background-position":"center center","background-size":"auto","background-attachment":"scroll","background-type":"","background-media":"","overlay-type":"","overlay-color":"","overlay-opacity":"","overlay-gradient":""},"tablet":{"background-color":"","background-image":"","background-repeat":"repeat","background-position":"center center","background-size":"auto","background-attachment":"scroll","background-type":"","background-media":"","overlay-type":"","overlay-color":"","overlay-opacity":"","overlay-gradient":""},"mobile":{"background-color":"","background-image":"","background-repeat":"repeat","background-position":"center center","background-size":"auto","background-attachment":"scroll","background-type":"","background-media":"","overlay-type":"","overlay-color":"","overlay-opacity":"","overlay-gradient":""}},"ast-content-background-meta":{"desktop":{"background-color":"var(--ast-global-color-5)","background-image":"","background-repeat":"repeat","background-position":"center center","background-size":"auto","background-attachment":"scroll","background-type":"","background-media":"","overlay-type":"","overlay-color":"","overlay-opacity":"","overlay-gradient":""},"tablet":{"background-color":"var(--ast-global-color-5)","background-image":"","background-repeat":"repeat","background-position":"center center","background-size":"auto","background-attachment":"scroll","background-type":"","background-media":"","overlay-type":"","overlay-color":"","overlay-opacity":"","overlay-gradient":""},"mobile":{"background-color":"var(--ast-global-color-5)","background-image":"","background-repeat":"repeat","background-position":"center center","background-size":"auto","background-attachment":"scroll","background-type":"","background-media":"","overlay-type":"","overlay-color":"","overlay-opacity":"","overlay-gradient":""}},"footnotes":""},"class_list":["post-91","page","type-page","status-publish","hentry"],"translation":{"provider":"WPGlobus","version":"3.0.2","language":"en","enabled_languages":["de","en"],"languages":{"de":{"title":true,"content":true,"excerpt":false},"en":{"title":true,"content":false,"excerpt":false}}},"yoast_head":"<!-- This site is optimized with the Yoast SEO plugin v27.6 - https:\/\/yoast.com\/product\/yoast-seo-wordpress\/ -->\n<title>Medical law - Cornelia Mazzucco J. D. | Lawyer in Salzburg<\/title>\n<meta name=\"description\" content=\"Medical law and patients rights are a part of our areas of practice. Our law firm Cornelia Mazzucco J. D. advises you in legal issues.\" \/>\n<meta name=\"robots\" content=\"index, follow, max-snippet:-1, max-image-preview:large, max-video-preview:-1\" \/>\n<link rel=\"canonical\" href=\"https:\/\/recht-sbg.at\/medizinrecht\/\" \/>\n<meta property=\"og:locale\" content=\"en_US\" \/>\n<meta property=\"og:type\" content=\"article\" \/>\n<meta property=\"og:title\" content=\"{:en}Medical law - Cornelia Mazzucco J. D. | Lawyer in Salzburg{:}\" \/>\n<meta property=\"og:description\" content=\"Medical law and patients rights are a part of our areas of practice. Our law firm Cornelia Mazzucco J. D. advises you in legal issues.\" \/>\n<meta property=\"og:url\" content=\"https:\/\/recht-sbg.at\/medizinrecht\/\" \/>\n<meta property=\"og:site_name\" content=\"Dr. Cornelia Mazzucco LL. M. | Rechtsanw\u00e4ltin in Salzburg\" \/>\n<meta property=\"article:modified_time\" content=\"2021-12-10T10:48:55+00:00\" \/>\n<meta name=\"twitter:card\" content=\"summary_large_image\" \/>\n<meta name=\"twitter:label1\" content=\"Est. reading time\" \/>\n\t<meta name=\"twitter:data1\" content=\"1 minute\" \/>\n<script type=\"application\/ld+json\" class=\"yoast-schema-graph\">{\"@context\":\"https:\\\/\\\/schema.org\",\"@graph\":[{\"@type\":\"WebPage\",\"@id\":\"https:\\\/\\\/recht-sbg.at\\\/medizinrecht\\\/\",\"url\":\"https:\\\/\\\/recht-sbg.at\\\/medizinrecht\\\/\",\"name\":\"Medical law - Dr. Cornelia Mazzucco LL. M. | Rechtsanw\u00e4ltin in Salzburg\",\"isPartOf\":{\"@id\":\"https:\\\/\\\/recht-sbg.at\\\/#website\"},\"datePublished\":\"2021-11-19T18:37:18+00:00\",\"dateModified\":\"2021-12-10T10:48:55+00:00\",\"description\":\"Medizinrecht, Patientenrecht und Arzthaftungsrecht sind ein Teil meiner Fachgebiete. Bei mir in Salzburg sind Sie bestens beraten.\",\"breadcrumb\":{\"@id\":\"https:\\\/\\\/recht-sbg.at\\\/medizinrecht\\\/#breadcrumb\"},\"inLanguage\":\"en-US\",\"potentialAction\":[{\"@type\":\"ReadAction\",\"target\":[\"https:\\\/\\\/recht-sbg.at\\\/medizinrecht\\\/\"]}]},{\"@type\":\"BreadcrumbList\",\"@id\":\"https:\\\/\\\/recht-sbg.at\\\/medizinrecht\\\/#breadcrumb\",\"itemListElement\":[{\"@type\":\"ListItem\",\"position\":1,\"name\":\"Startseite\",\"item\":\"https:\\\/\\\/recht-sbg.at\\\/\"},{\"@type\":\"ListItem\",\"position\":2,\"name\":\"Medizinrecht\"}]},{\"@type\":\"WebSite\",\"@id\":\"https:\\\/\\\/recht-sbg.at\\\/#website\",\"url\":\"https:\\\/\\\/recht-sbg.at\\\/\",\"name\":\"Dr. Cornelia Mazzucco LL. M. | Rechtsanw\u00e4ltin in Salzburg\",\"description\":\"Ihr Rechtsanwalt bei Rechtsfragen in Salzburg\",\"publisher\":{\"@id\":\"https:\\\/\\\/recht-sbg.at\\\/#organization\"},\"potentialAction\":[{\"@type\":\"SearchAction\",\"target\":{\"@type\":\"EntryPoint\",\"urlTemplate\":\"https:\\\/\\\/recht-sbg.at\\\/?s={search_term_string}\"},\"query-input\":{\"@type\":\"PropertyValueSpecification\",\"valueRequired\":true,\"valueName\":\"search_term_string\"}}],\"inLanguage\":\"en-US\"},{\"@type\":\"Organization\",\"@id\":\"https:\\\/\\\/recht-sbg.at\\\/#organization\",\"name\":\"Dr. Cornelia Mazzucco LL. M. | Rechtsanw\u00e4ltin in Salzburg\",\"url\":\"https:\\\/\\\/recht-sbg.at\\\/\",\"logo\":{\"@type\":\"ImageObject\",\"inLanguage\":\"en-US\",\"@id\":\"https:\\\/\\\/recht-sbg.at\\\/#\\\/schema\\\/logo\\\/image\\\/\",\"url\":\"https:\\\/\\\/recht-sbg.at\\\/wp-content\\\/uploads\\\/2021\\\/11\\\/cropped-logo-quer-1.png\",\"contentUrl\":\"https:\\\/\\\/recht-sbg.at\\\/wp-content\\\/uploads\\\/2021\\\/11\\\/cropped-logo-quer-1.png\",\"width\":1615,\"height\":337,\"caption\":\"Dr. Cornelia Mazzucco LL. M. | Rechtsanw\u00e4ltin in Salzburg\"},\"image\":{\"@id\":\"https:\\\/\\\/recht-sbg.at\\\/#\\\/schema\\\/logo\\\/image\\\/\"}}]}<\/script>\n<!-- \/ Yoast SEO plugin. -->","yoast_head_json":{"title":"Medical law - Cornelia Mazzucco J. D. | Lawyer in Salzburg","description":"Medical law and patients rights are a part of our areas of practice. Our law firm Cornelia Mazzucco J. D. advises you in legal issues.","robots":{"index":"index","follow":"follow","max-snippet":"max-snippet:-1","max-image-preview":"max-image-preview:large","max-video-preview":"max-video-preview:-1"},"canonical":"https:\/\/recht-sbg.at\/medizinrecht\/","og_locale":"en_US","og_type":"article","og_title":"{:en}Medical law - Cornelia Mazzucco J. D. | Lawyer in Salzburg{:}","og_description":"Medical law and patients rights are a part of our areas of practice. Our law firm Cornelia Mazzucco J. D. advises you in legal issues.","og_url":"https:\/\/recht-sbg.at\/medizinrecht\/","og_site_name":"Dr. Cornelia Mazzucco LL. M. | Rechtsanw\u00e4ltin in Salzburg","article_modified_time":"2021-12-10T10:48:55+00:00","twitter_card":"summary_large_image","twitter_misc":{"Est. reading time":"1 minute"},"schema":{"@context":"https:\/\/schema.org","@graph":[{"@type":"WebPage","@id":"https:\/\/recht-sbg.at\/medizinrecht\/","url":"https:\/\/recht-sbg.at\/medizinrecht\/","name":"Medical law - Dr. Cornelia Mazzucco LL. M. | Rechtsanw\u00e4ltin in Salzburg","isPartOf":{"@id":"https:\/\/recht-sbg.at\/#website"},"datePublished":"2021-11-19T18:37:18+00:00","dateModified":"2021-12-10T10:48:55+00:00","description":"Medizinrecht, Patientenrecht und Arzthaftungsrecht sind ein Teil meiner Fachgebiete. Bei mir in Salzburg sind Sie bestens beraten.","breadcrumb":{"@id":"https:\/\/recht-sbg.at\/medizinrecht\/#breadcrumb"},"inLanguage":"en-US","potentialAction":[{"@type":"ReadAction","target":["https:\/\/recht-sbg.at\/medizinrecht\/"]}]},{"@type":"BreadcrumbList","@id":"https:\/\/recht-sbg.at\/medizinrecht\/#breadcrumb","itemListElement":[{"@type":"ListItem","position":1,"name":"Startseite","item":"https:\/\/recht-sbg.at\/"},{"@type":"ListItem","position":2,"name":"Medizinrecht"}]},{"@type":"WebSite","@id":"https:\/\/recht-sbg.at\/#website","url":"https:\/\/recht-sbg.at\/","name":"Dr. Cornelia Mazzucco LL. M. | Rechtsanw\u00e4ltin in Salzburg","description":"Ihr Rechtsanwalt bei Rechtsfragen in Salzburg","publisher":{"@id":"https:\/\/recht-sbg.at\/#organization"},"potentialAction":[{"@type":"SearchAction","target":{"@type":"EntryPoint","urlTemplate":"https:\/\/recht-sbg.at\/?s={search_term_string}"},"query-input":{"@type":"PropertyValueSpecification","valueRequired":true,"valueName":"search_term_string"}}],"inLanguage":"en-US"},{"@type":"Organization","@id":"https:\/\/recht-sbg.at\/#organization","name":"Dr. Cornelia Mazzucco LL. M. | Rechtsanw\u00e4ltin in Salzburg","url":"https:\/\/recht-sbg.at\/","logo":{"@type":"ImageObject","inLanguage":"en-US","@id":"https:\/\/recht-sbg.at\/#\/schema\/logo\/image\/","url":"https:\/\/recht-sbg.at\/wp-content\/uploads\/2021\/11\/cropped-logo-quer-1.png","contentUrl":"https:\/\/recht-sbg.at\/wp-content\/uploads\/2021\/11\/cropped-logo-quer-1.png","width":1615,"height":337,"caption":"Dr. Cornelia Mazzucco LL. M. | Rechtsanw\u00e4ltin in Salzburg"},"image":{"@id":"https:\/\/recht-sbg.at\/#\/schema\/logo\/image\/"}}]}},"jetpack_sharing_enabled":true,"rttpg_featured_image_url":null,"rttpg_author":{"display_name":"corneliacm","author_link":"https:\/\/recht-sbg.at\/en\/author\/corneliacm\/"},"rttpg_comment":0,"rttpg_category":null,"rttpg_excerpt":"Meine Kanzlei besch\u00e4ftigt sich seit Jahren mit dem Medizinrecht. Einerseits vertreten wir Patientinnen und Patienten in ihren Anliegen, andererseits bieten wir Rechtshilfe f\u00fcr \u00c4rzte, Krankenh\u00e4user und andere Einrichtungen des Gesundheitswesens an. In diesem Fachgebiet ben\u00f6tigt es einen gro\u00dfen Erfahrungsschatz, Fachwissen und Fingerspitzengef\u00fchl. Dies kommt Ihnen gemeinsam mit einem praxisorientierten postgradualem Studium im Bereich Medizinrecht (Universit\u00e4t&hellip;","_links":{"self":[{"href":"https:\/\/recht-sbg.at\/en\/wp-json\/wp\/v2\/pages\/91","targetHints":{"allow":["GET"]}}],"collection":[{"href":"https:\/\/recht-sbg.at\/en\/wp-json\/wp\/v2\/pages"}],"about":[{"href":"https:\/\/recht-sbg.at\/en\/wp-json\/wp\/v2\/types\/page"}],"author":[{"embeddable":true,"href":"https:\/\/recht-sbg.at\/en\/wp-json\/wp\/v2\/users\/1"}],"replies":[{"embeddable":true,"href":"https:\/\/recht-sbg.at\/en\/wp-json\/wp\/v2\/comments?post=91"}],"version-history":[{"count":15,"href":"https:\/\/recht-sbg.at\/en\/wp-json\/wp\/v2\/pages\/91\/revisions"}],"predecessor-version":[{"id":950,"href":"https:\/\/recht-sbg.at\/en\/wp-json\/wp\/v2\/pages\/91\/revisions\/950"}],"wp:attachment":[{"href":"https:\/\/recht-sbg.at\/en\/wp-json\/wp\/v2\/media?parent=91"}],"curies":[{"name":"wp","href":"https:\/\/api.w.org\/{rel}","templated":true}]}}